{"id":11076,"date":"2025-08-25T08:58:13","date_gmt":"2025-08-25T06:58:13","guid":{"rendered":"https:\/\/grafmail-varehotell.no\/pensjonistforbundet\/?p=11076"},"modified":"2026-04-30T15:17:34","modified_gmt":"2026-04-30T13:17:34","slug":"opplaeringshefte-pakke-med-20-stk-bokmal","status":"publish","type":"product","link":"https:\/\/grafmail-varehotell.no\/pensjonistforbundet\/produkt\/opplaeringshefte-pakke-med-20-stk-bokmal\/","title":{"rendered":"Oppl\u00e6ringshefte Digital Kommunikasjon-pakke med 20 stk. bokm\u00e5l."},"content":{"rendered":"<p>Oppl\u00e6ringshefte Digital kommunikasjon-pakke med 20 stk. bokm\u00e5l.<\/p>\n","protected":false},"excerpt":{"rendered":"<p>Oppl\u00e6ringshefte Digital kommunikasjon-pakke med 20 stk. bokm\u00e5l.<\/p>\n","protected":false},"featured_media":12619,"template":"","meta":[],"product_brand":[],"product_cat":[56],"product_tag":[],"class_list":{"0":"post-11076","1":"product","2":"type-product","3":"status-publish","4":"has-post-thumbnail","6":"product_cat-tema-og-debatthefter","7":"product_shipping_class-standard_w30_l45_h30_k20","9":"first","10":"outofstock","11":"shipping-taxable","12":"purchasable","13":"product-type-simple"},"_links":{"self":[{"href":"https:\/\/grafmail-varehotell.no\/pensjonistforbundet\/wp-json\/wp\/v2\/product\/11076","targetHints":{"allow":["GET"]}}],"collection":[{"href":"https:\/\/grafmail-varehotell.no\/pensjonistforbundet\/wp-json\/wp\/v2\/product"}],"about":[{"href":"https:\/\/grafmail-varehotell.no\/pensjonistforbundet\/wp-json\/wp\/v2\/types\/product"}],"wp:featuredmedia":[{"embeddable":true,"href":"https:\/\/grafmail-varehotell.no\/pensjonistforbundet\/wp-json\/wp\/v2\/media\/12619"}],"wp:attachment":[{"href":"https:\/\/grafmail-varehotell.no\/pensjonistforbundet\/wp-json\/wp\/v2\/media?parent=11076"}],"wp:term":[{"taxonomy":"product_brand","embeddable":true,"href":"https:\/\/grafmail-varehotell.no\/pensjonistforbundet\/wp-json\/wp\/v2\/product_brand?post=11076"},{"taxonomy":"product_cat","embeddable":true,"href":"https:\/\/grafmail-varehotell.no\/pensjonistforbundet\/wp-json\/wp\/v2\/product_cat?post=11076"},{"taxonomy":"product_tag","embeddable":true,"href":"https:\/\/grafmail-varehotell.no\/pensjonistforbundet\/wp-json\/wp\/v2\/product_tag?post=11076"}],"curies":[{"name":"wp","href":"https:\/\/api.w.org\/{rel}","templated":true}]}}