{"id":3540,"date":"2022-08-24T17:14:16","date_gmt":"2022-08-24T15:14:16","guid":{"rendered":"https:\/\/grafmail-varehotell.no\/pensjonistforbundet\/?p=3540"},"modified":"2026-05-04T13:53:59","modified_gmt":"2026-05-04T11:53:59","slug":"ryggsekk","status":"publish","type":"product","link":"https:\/\/grafmail-varehotell.no\/pensjonistforbundet\/produkt\/ryggsekk\/","title":{"rendered":"Ryggsekk"},"content":{"rendered":"<p>Lett og fin ryggsekk med et stort hovedrom. Vattert lomme til PC. Glidel\u00e5slomme i front og mesh (netting) lommer p\u00e5 begge sider til f.eks. en drikkeflaske. En lomme bak p\u00e5 ryggen for sikkerhetslagring. TPU glidel\u00e5ser og reflekterende glidel\u00e5strekkere. M\u00e5l: 29,5&#215;45,5&#215;12 cm = 16 liter<\/p>\n","protected":false},"excerpt":{"rendered":"<p>Lett og fin ryggsekk med et stort hovedrom. Vattert lomme til PC. Glidel\u00e5slomme i front og mesh (netting) lommer p\u00e5 begge sider til f.eks. en drikkeflaske. En lomme bak p\u00e5 ryggen for sikkerhetslagring. TPU glidel\u00e5ser og reflekterende glidel\u00e5strekkere. M\u00e5l: 29,5&#215;45,5&#215;12 cm = 16 liter<\/p>\n","protected":false},"featured_media":12725,"template":"","meta":[],"product_brand":[],"product_cat":[20],"product_tag":[],"class_list":{"0":"post-3540","1":"product","2":"type-product","3":"status-publish","4":"has-post-thumbnail","6":"product_cat-profilprodukter","7":"product_shipping_class-standard_w30_l45_h30_k20","9":"first","10":"instock","11":"shipping-taxable","12":"purchasable","13":"product-type-simple"},"_links":{"self":[{"href":"https:\/\/grafmail-varehotell.no\/pensjonistforbundet\/wp-json\/wp\/v2\/product\/3540","targetHints":{"allow":["GET"]}}],"collection":[{"href":"https:\/\/grafmail-varehotell.no\/pensjonistforbundet\/wp-json\/wp\/v2\/product"}],"about":[{"href":"https:\/\/grafmail-varehotell.no\/pensjonistforbundet\/wp-json\/wp\/v2\/types\/product"}],"wp:featuredmedia":[{"embeddable":true,"href":"https:\/\/grafmail-varehotell.no\/pensjonistforbundet\/wp-json\/wp\/v2\/media\/12725"}],"wp:attachment":[{"href":"https:\/\/grafmail-varehotell.no\/pensjonistforbundet\/wp-json\/wp\/v2\/media?parent=3540"}],"wp:term":[{"taxonomy":"product_brand","embeddable":true,"href":"https:\/\/grafmail-varehotell.no\/pensjonistforbundet\/wp-json\/wp\/v2\/product_brand?post=3540"},{"taxonomy":"product_cat","embeddable":true,"href":"https:\/\/grafmail-varehotell.no\/pensjonistforbundet\/wp-json\/wp\/v2\/product_cat?post=3540"},{"taxonomy":"product_tag","embeddable":true,"href":"https:\/\/grafmail-varehotell.no\/pensjonistforbundet\/wp-json\/wp\/v2\/product_tag?post=3540"}],"curies":[{"name":"wp","href":"https:\/\/api.w.org\/{rel}","templated":true}]}}