{"id":4610,"date":"2022-11-16T09:16:21","date_gmt":"2022-11-16T08:16:21","guid":{"rendered":"https:\/\/grafmail-varehotell.no\/pensjonistforbundet\/?p=4610"},"modified":"2026-05-04T13:53:59","modified_gmt":"2026-05-04T11:53:59","slug":"hedersmerke-i-ekte-solv-fas-som-pin-eller-anheng","status":"publish","type":"product","link":"https:\/\/grafmail-varehotell.no\/pensjonistforbundet\/produkt\/hedersmerke-i-ekte-solv-fas-som-pin-eller-anheng\/","title":{"rendered":"Hedersmerke i ekte s\u00f8lv &#8211; f\u00e5s som pin eller anheng"},"content":{"rendered":"<p>Denne erstatter v\u00e5rt tidligere hedersmerke, \u00abgull\u00bb pin. Hedersmerket kommer i to varianter, som pin eller anheng. M\u00e5l: 20mm diameter. Hedersmerket er i ekte s\u00f8lv (925) med relieff av v\u00e5rt hjertesymbol og leveres i en flott gaveeske. Sammen med hedersmerket kan det ogs\u00e5 bestilles et hedersbevis til kr 30. Hedersmerket kan f.eks. tildeles medlemmer for lang og tro tjeneste i verv eller annen innsats for lokalforeningen\/lokalmilj\u00f8et, men kan ogs\u00e5 tildeles ikke-medlemmer som har gjort en spesiell innsats for eldre i lokalmilj\u00f8et. <\/p>\n","protected":false},"excerpt":{"rendered":"<p>Denne erstatter v\u00e5rt tidligere hedersmerke, \u00abgull\u00bb pin. Hedersmerket kommer i to varianter, som pin eller anheng. M\u00e5l: 20mm diameter. Hedersmerket er i ekte s\u00f8lv (925) med relieff av v\u00e5rt hjertesymbol og leveres i en flott gaveeske. Sammen med hedersmerket kan det ogs\u00e5 bestilles et hedersbevis til kr 30. Hedersmerket kan f.eks. tildeles medlemmer for lang [&#8230;]\n","protected":false},"featured_media":4640,"template":"","meta":[],"product_brand":[],"product_cat":[52],"product_tag":[],"class_list":{"0":"post-4610","1":"product","2":"type-product","3":"status-publish","4":"has-post-thumbnail","6":"product_cat-hedersmerke","7":"product_shipping_class-standard_w30_l45_h30_k20","9":"first","10":"instock","11":"shipping-taxable","12":"purchasable","13":"product-type-simple"},"_links":{"self":[{"href":"https:\/\/grafmail-varehotell.no\/pensjonistforbundet\/wp-json\/wp\/v2\/product\/4610","targetHints":{"allow":["GET"]}}],"collection":[{"href":"https:\/\/grafmail-varehotell.no\/pensjonistforbundet\/wp-json\/wp\/v2\/product"}],"about":[{"href":"https:\/\/grafmail-varehotell.no\/pensjonistforbundet\/wp-json\/wp\/v2\/types\/product"}],"wp:featuredmedia":[{"embeddable":true,"href":"https:\/\/grafmail-varehotell.no\/pensjonistforbundet\/wp-json\/wp\/v2\/media\/4640"}],"wp:attachment":[{"href":"https:\/\/grafmail-varehotell.no\/pensjonistforbundet\/wp-json\/wp\/v2\/media?parent=4610"}],"wp:term":[{"taxonomy":"product_brand","embeddable":true,"href":"https:\/\/grafmail-varehotell.no\/pensjonistforbundet\/wp-json\/wp\/v2\/product_brand?post=4610"},{"taxonomy":"product_cat","embeddable":true,"href":"https:\/\/grafmail-varehotell.no\/pensjonistforbundet\/wp-json\/wp\/v2\/product_cat?post=4610"},{"taxonomy":"product_tag","embeddable":true,"href":"https:\/\/grafmail-varehotell.no\/pensjonistforbundet\/wp-json\/wp\/v2\/product_tag?post=4610"}],"curies":[{"name":"wp","href":"https:\/\/api.w.org\/{rel}","templated":true}]}}