{"id":9811,"date":"2025-03-06T16:01:13","date_gmt":"2025-03-06T15:01:13","guid":{"rendered":"https:\/\/grafmail-varehotell.no\/pensjonistforbundet\/?p=9811"},"modified":"2026-05-04T13:53:59","modified_gmt":"2026-05-04T11:53:59","slug":"refleksband-slapwrap-pose-med-25-stk","status":"publish","type":"product","link":"https:\/\/grafmail-varehotell.no\/pensjonistforbundet\/produkt\/refleksband-slapwrap-pose-med-25-stk\/","title":{"rendered":"Refleksb\u00e5nd (slapwrap), pose med 25 stk."},"content":{"rendered":"<p>Refleksb\u00e5nd (slapwrap) er praktisk i bruk ettersom refleksen kan festes p\u00e5 kroppen eller til gjenstander, som for eksempel p\u00e5 en ryggsekk. Reflekterer lyset godt. Den festes enkelt ved \u00e5 brette ut refleksen og brette den rundt omr\u00e5det du \u00f8nsker \u00e5 bruke den. M\u00e5l: 50x340mm. Pose med 25 stk.<\/p>\n","protected":false},"excerpt":{"rendered":"<p>Refleksb\u00e5nd (slapwrap) er praktisk i bruk ettersom refleksen kan festes p\u00e5 kroppen eller til gjenstander, som for eksempel p\u00e5 en ryggsekk. Reflekterer lyset godt. Den festes enkelt ved \u00e5 brette ut refleksen og brette den rundt omr\u00e5det du \u00f8nsker \u00e5 bruke den. M\u00e5l: 50x340mm. Pose med 25 stk.<\/p>\n","protected":false},"featured_media":12311,"template":"","meta":[],"product_brand":[],"product_cat":[20],"product_tag":[],"class_list":{"0":"post-9811","1":"product","2":"type-product","3":"status-publish","4":"has-post-thumbnail","6":"product_cat-profilprodukter","7":"product_shipping_class-standard_w30_l45_h30_k20","9":"first","10":"instock","11":"shipping-taxable","12":"purchasable","13":"product-type-simple"},"_links":{"self":[{"href":"https:\/\/grafmail-varehotell.no\/pensjonistforbundet\/wp-json\/wp\/v2\/product\/9811","targetHints":{"allow":["GET"]}}],"collection":[{"href":"https:\/\/grafmail-varehotell.no\/pensjonistforbundet\/wp-json\/wp\/v2\/product"}],"about":[{"href":"https:\/\/grafmail-varehotell.no\/pensjonistforbundet\/wp-json\/wp\/v2\/types\/product"}],"wp:featuredmedia":[{"embeddable":true,"href":"https:\/\/grafmail-varehotell.no\/pensjonistforbundet\/wp-json\/wp\/v2\/media\/12311"}],"wp:attachment":[{"href":"https:\/\/grafmail-varehotell.no\/pensjonistforbundet\/wp-json\/wp\/v2\/media?parent=9811"}],"wp:term":[{"taxonomy":"product_brand","embeddable":true,"href":"https:\/\/grafmail-varehotell.no\/pensjonistforbundet\/wp-json\/wp\/v2\/product_brand?post=9811"},{"taxonomy":"product_cat","embeddable":true,"href":"https:\/\/grafmail-varehotell.no\/pensjonistforbundet\/wp-json\/wp\/v2\/product_cat?post=9811"},{"taxonomy":"product_tag","embeddable":true,"href":"https:\/\/grafmail-varehotell.no\/pensjonistforbundet\/wp-json\/wp\/v2\/product_tag?post=9811"}],"curies":[{"name":"wp","href":"https:\/\/api.w.org\/{rel}","templated":true}]}}